{"id":1344,"date":"2020-12-16T10:27:12","date_gmt":"2020-12-16T10:27:12","guid":{"rendered":"http:\/\/gsia.eu\/?page_id=1344"},"modified":"2021-04-21T14:44:08","modified_gmt":"2021-04-21T14:44:08","slug":"gsia-innovation-space","status":"publish","type":"page","link":"https:\/\/gsia.eu\/?page_id=1344&lang=de","title":{"rendered":"GSIA Innovation Space"},"content":{"rendered":"<p>[et_pb_section fb_built=&#8220;1&#8243; next_background_color=&#8220;#ffffff&#8220; _builder_version=&#8220;4.4.2&#8243; background_color=&#8220;#0c71c3&#8243; use_background_color_gradient=&#8220;on&#8220; background_color_gradient_start=&#8220;#0c71c3&#8243; background_color_gradient_end=&#8220;#ffffff&#8220; background_color_gradient_direction=&#8220;100deg&#8220; background_color_gradient_start_position=&#8220;70%&#8220; background_color_gradient_overlays_image=&#8220;on&#8220; background_enable_image=&#8220;off&#8220; custom_padding=&#8220;3px||18px|||&#8220; bottom_divider_style=&#8220;ramp2&#8243; bottom_divider_flip=&#8220;horizontal&#8220;][et_pb_row _builder_version=&#8220;3.25&#8243; custom_margin=&#8220;-2px|auto|2px|auto||&#8220; custom_padding=&#8220;47px||13px|||&#8220;][et_pb_column type=&#8220;4_4&#8243; _builder_version=&#8220;3.25&#8243; custom_padding=&#8220;|||&#8220; custom_padding__hover=&#8220;|||&#8220;][et_pb_text _builder_version=&#8220;4.4.2&#8243; header_font=&#8220;Noto Sans||||||||&#8220; header_text_color=&#8220;#ffffff&#8220; header_font_size=&#8220;40px&#8220; width=&#8220;99.6%&#8220; min_height=&#8220;98px&#8220; custom_margin=&#8220;-45px||||false|false&#8220; custom_padding=&#8220;0px||0px||false|false&#8220; inline_fonts=&#8220;Montserrat&#8220;]<\/p>\n<h6><\/h6>\n<h1><strong><\/strong><\/h1>\n<h1><strong><\/strong><\/h1>\n<h1><strong><\/strong><\/h1>\n<h1><strong><\/strong><\/h1>\n<h1><span face=\"Montserrat\" style=\"font-family: Montserrat;\"><span style=\"font-size: 24px;\"><b>GSIA Innovation Space<\/b><\/span><\/span><strong><\/strong><\/h1>\n<p>&nbsp;<\/p>\n<p>[\/et_pb_text][\/et_pb_column][\/et_pb_row][\/et_pb_section][et_pb_section fb_built=&#8220;1&#8243; _builder_version=&#8220;4.4.2&#8243; background_color=&#8220;#ffffff&#8220; width=&#8220;100%&#8220; min_height=&#8220;502px&#8220; custom_margin=&#8220;0px|||||&#8220; custom_padding=&#8220;60px||60px||true|&#8220;][et_pb_row column_structure=&#8220;1_2,1_4,1_4&#8243; _builder_version=&#8220;4.4.3&#8243;][et_pb_column type=&#8220;1_2&#8243; _builder_version=&#8220;4.4.3&#8243;][et_pb_text _builder_version=&#8220;4.7.7&#8243; text_text_color=&#8220;#000000&#8243; custom_padding=&#8220;0px||5px||false|false&#8220; border_width_bottom=&#8220;1px&#8220; border_color_bottom=&#8220;#0c71c3&#8243;]<\/p>\n<p><span style=\"font-size: large; color: #0c71c3;\"><strong>GSIA Innovation Space<\/strong><\/span><\/p>\n<p>[\/et_pb_text][et_pb_text _builder_version=&#8220;4.9.4&#8243;]<\/p>\n<p style=\"text-align: justify;\"><span>sDie GSIA errichtet f\u00fcr ihre chinesische Partner in Deutschland ein \u201eGerman-Sino Innovation Space, das ein grenz\u00fcberschreitendes Kooperationsprojekt der GSIA ist, und im Einklang mit der nationalen F\u00f6rderpolitik Deutschlands und Chinas ins Leben gerufen wurde. Wir unterst\u00fctzen chinesische Partner (St\u00e4dte, Wissenschafts- und Technologieparks, Forschungsinstitute, Gr\u00fcnderzentren, Technologieunternehmen usw.) auf der Grundlage der Forschung, der wissenschaftlichen Experten, der wissenschaftlichen Forschungsergebnisse des Arbeitsbereichs TAMS (Technische Aspekte Multimodaler Systeme) an der Universit\u00e4t Hamburg unter der Leitung von Prof. Jianwei Zhang, der Innovationskompetenz, der umfangreichen Ressourcen sowie in Zusammenarbeit mit dem Expertenteam des China Business Center Hamburgs, um eine exklusive innovative Marke f\u00fcr Ihr \u201eGerman-Sino Innovation Space\u201c zu schaffen.<\/span><\/p>\n<p style=\"text-align: justify;\"><span>Das &#8222;German-Sino Innovation Space&#8220; kann verschiedene Funktionen und Dienste von \u00dcberseezentren in unterschiedlichen Formen in Anspruch nehmen, z. B. offizielle Aufnahme des Betriebs, Austausch wissenschaftlicher Forschung, Austausch von Ausr\u00fcstung, wissenschaftliche und technologische Foren, Nachwuchsf\u00f6rderung, Doktorarbeit, Medienf\u00f6rderung usw. Hierdurch werden Ihre Forschungen beschleunigt, die Forschungskosten reduziert, internationale Kooperationen gef\u00f6rdert und die Ergebnisse aus der Forschung schneller in die Produktion umgesetzt, sodass Sie erfolgreich einen neuen Markt f\u00fcr sich gewinnen k\u00f6nnen.<\/span><\/p>\n<p>[\/et_pb_text][\/et_pb_column][et_pb_column type=&#8220;1_4&#8243; _builder_version=&#8220;4.4.3&#8243;][et_pb_image src=&#8220;http:\/\/gsia.eu\/wp-content\/uploads\/2020\/04\/71e5a818790a8fdc2dba6af4faa1af5-e1586968606164.png&#8220; _builder_version=&#8220;4.4.3&#8243; width=&#8220;100%&#8220; custom_margin=&#8220;65px||||false|false&#8220; animation_style=&#8220;fade&#8220; animation_direction=&#8220;left&#8220; box_shadow_style=&#8220;preset1&#8243;][\/et_pb_image][\/et_pb_column][et_pb_column type=&#8220;1_4&#8243; _builder_version=&#8220;4.4.3&#8243;][et_pb_image src=&#8220;http:\/\/gsia.eu\/wp-content\/uploads\/2020\/04\/233a7d86e0629043befc9d19efc08de-e1586968676666.png&#8220; _builder_version=&#8220;4.4.3&#8243; height=&#8220;182px&#8220; custom_margin=&#8220;65px||||false|false&#8220; animation_style=&#8220;fade&#8220; box_shadow_style=&#8220;preset1&#8243;][\/et_pb_image][\/et_pb_column][\/et_pb_row][\/et_pb_section]<\/p>\n","protected":false},"excerpt":{"rendered":"<p>GSIA Innovation Space &nbsp;GSIA Innovation SpacesDie GSIA errichtet f\u00fcr ihre chinesische Partner in Deutschland ein \u201eGerman-Sino Innovation Space, das ein grenz\u00fcberschreitendes Kooperationsprojekt der GSIA ist, und im Einklang mit der nationalen F\u00f6rderpolitik Deutschlands und Chinas ins Leben gerufen wurde. Wir unterst\u00fctzen chinesische Partner (St\u00e4dte, Wissenschafts- und Technologieparks, Forschungsinstitute, Gr\u00fcnderzentren, Technologieunternehmen usw.) auf der Grundlage der [&hellip;]<\/p>\n","protected":false},"author":1,"featured_media":0,"parent":0,"menu_order":0,"comment_status":"closed","ping_status":"closed","template":"","meta":{"_et_pb_use_builder":"on","_et_pb_old_content":"","_et_gb_content_width":"","footnotes":""},"class_list":["post-1344","page","type-page","status-publish","hentry"],"_links":{"self":[{"href":"https:\/\/gsia.eu\/index.php?rest_route=\/wp\/v2\/pages\/1344","targetHints":{"allow":["GET"]}}],"collection":[{"href":"https:\/\/gsia.eu\/index.php?rest_route=\/wp\/v2\/pages"}],"about":[{"href":"https:\/\/gsia.eu\/index.php?rest_route=\/wp\/v2\/types\/page"}],"author":[{"embeddable":true,"href":"https:\/\/gsia.eu\/index.php?rest_route=\/wp\/v2\/users\/1"}],"replies":[{"embeddable":true,"href":"https:\/\/gsia.eu\/index.php?rest_route=%2Fwp%2Fv2%2Fcomments&post=1344"}],"version-history":[{"count":7,"href":"https:\/\/gsia.eu\/index.php?rest_route=\/wp\/v2\/pages\/1344\/revisions"}],"predecessor-version":[{"id":1547,"href":"https:\/\/gsia.eu\/index.php?rest_route=\/wp\/v2\/pages\/1344\/revisions\/1547"}],"wp:attachment":[{"href":"https:\/\/gsia.eu\/index.php?rest_route=%2Fwp%2Fv2%2Fmedia&parent=1344"}],"curies":[{"name":"wp","href":"https:\/\/api.w.org\/{rel}","templated":true}]}}