{"id":1339,"date":"2020-12-16T10:24:18","date_gmt":"2020-12-16T10:24:18","guid":{"rendered":"http:\/\/gsia.eu\/?page_id=1339"},"modified":"2021-04-21T09:20:34","modified_gmt":"2021-04-21T09:20:34","slug":"gsia-veranstaltungsservice","status":"publish","type":"page","link":"https:\/\/gsia.eu\/?page_id=1339&lang=de","title":{"rendered":"GSIA Eventmanagement"},"content":{"rendered":"<p>[et_pb_section fb_built=&#8220;1&#8243; next_background_color=&#8220;#ffffff&#8220; _builder_version=&#8220;4.4.8&#8243; background_color=&#8220;#0c71c3&#8243; use_background_color_gradient=&#8220;on&#8220; background_color_gradient_start=&#8220;rgba(102,152,193,0.37)&#8220; background_color_gradient_end=&#8220;#ffffff&#8220; background_color_gradient_direction=&#8220;100deg&#8220; background_color_gradient_start_position=&#8220;70%&#8220; background_color_gradient_overlays_image=&#8220;on&#8220; background_enable_image=&#8220;off&#8220; custom_padding=&#8220;3px||18px|||&#8220; bottom_divider_style=&#8220;ramp2&#8243; bottom_divider_flip=&#8220;horizontal&#8220;][et_pb_row _builder_version=&#8220;3.25&#8243; custom_margin=&#8220;-2px|auto|2px|auto||&#8220; custom_padding=&#8220;47px||13px|||&#8220;][et_pb_column type=&#8220;4_4&#8243; _builder_version=&#8220;3.25&#8243; custom_padding=&#8220;|||&#8220; custom_padding__hover=&#8220;|||&#8220;][et_pb_text _builder_version=&#8220;4.7.7&#8243; text_font=&#8220;Montserrat||||||||&#8220; header_font=&#8220;Montserrat||||||||&#8220; header_text_color=&#8220;#ffffff&#8220; header_font_size=&#8220;40px&#8220; width=&#8220;85.3%&#8220; min_height=&#8220;98px&#8220; custom_margin=&#8220;-49px||||false|false&#8220; custom_padding=&#8220;0px||0px|||&#8220;]<\/p>\n<h6><\/h6>\n<h1><strong><\/strong><\/h1>\n<h1><strong><\/strong><\/h1>\n<h1><strong><\/strong><\/h1>\n<h1><strong><\/strong><\/h1>\n<h1><span style=\"font-size: 24px;\"><b>GSIA Eventmanagement<\/b><\/span><strong><\/strong><\/h1>\n<p>&nbsp;<\/p>\n<p>[\/et_pb_text][\/et_pb_column][\/et_pb_row][\/et_pb_section][et_pb_section fb_built=&#8220;1&#8243; _builder_version=&#8220;3.22.7&#8243; custom_margin=&#8220;||108px|||&#8220; custom_padding=&#8220;92px||0px|||&#8220;][et_pb_row _builder_version=&#8220;4.4.3&#8243;][et_pb_column type=&#8220;4_4&#8243; _builder_version=&#8220;4.4.3&#8243;][et_pb_text _builder_version=&#8220;4.7.7&#8243; text_text_color=&#8220;#000000&#8243; custom_padding=&#8220;0px||5px||false|false&#8220; border_width_bottom=&#8220;1px&#8220; border_color_bottom=&#8220;#0c71c3&#8243;]<\/p>\n<p><span color=\"#0c71c3\" size=\"4\" style=\"color: #0c71c3; font-size: large;\"><b>GSIA Eventmanagement<\/b><\/span><\/p>\n<p>[\/et_pb_text][et_pb_text _builder_version=&#8220;4.9.4&#8243; custom_padding=&#8220;||0px|||&#8220; hover_enabled=&#8220;0&#8243; sticky_enabled=&#8220;0&#8243;]<\/p>\n<p style=\"text-align: justify;\"><span>Die Organisation von Veranstaltungen ist das zweite Standbein von GSIA.<\/span><\/p>\n<p style=\"text-align: justify;\"><span>Mit der starken Unterst\u00fctzung chinesischer und deutscher Regierungsbeh\u00f6rden, Nichtregierungsorganisationen sowie Unternehmen und Institutionen organisiert GSIA j\u00e4hrlich Business-Matchmaking-Events in verschiedenen Gr\u00f6\u00dfenordnungen in beiden Regionen. Durch die Teilnahme an diesen Events k\u00f6nnen Sie Ihr deutsch-chinesisches Netzwerk aufbauen und\/oder erweitern.<\/span><\/p>\n<p style=\"text-align: justify;\"><span>Die Themen der Veranstaltungen orientieren sich an den neun Industrieclustern der Metropolregion Hamburg, darunter Luft- und Raumfahrt, Life Science, Logistik und Transport, IT-Medienkommunikation, erneuerbare Energien, Schiffbau, H\u00e4fen und Schifffahrt, Lebensmittelindustrie, Gesundheitswesen, Kreativit\u00e4t und Kunst. Zus\u00e4tzlich zu den oben genannten Veranstaltungen bietet GSIA auch High-End- Dienstleistungen wie die Promotion von St\u00e4dten oder Projekten, Produkteinf\u00fchrungen, Gesch\u00e4ftsseminare, j\u00e4hrliche Unternehmenstreffen sowie Messe- und Ausstellungsservice.<\/span><\/p>\n<p style=\"text-align: justify;\"><span>Dar\u00fcber hinaus organisiert GSIA Gesch\u00e4ftsreisen f\u00fcr chinesische Unternehmer nach Deutschland und begleitet sie zu Gesch\u00e4ftstreffen, Messen und Wirtschaftskonferenzen. Mit unseren Mitarbeitern in Deutschland, unseren deutschen Gesch\u00e4ftspartnern und unserer Reichweite zur Deutschen Industrie- und Handelskammer stellen wir sicher, dass Sie mit f\u00fchrenden deutschen Unternehmern, Regierungs- und Branchenvertretern in Kontakt treten. Je nach Bedarf k\u00f6nnen wir Ihnen auch deutsche Visitenkarten zur Verf\u00fcgung stellen und Ihre Produkte in die deutsche Sprache \u00fcbersetzen.<\/span><\/p>\n<p style=\"text-align: justify;\"><span>Wenn Sie eine Veranstaltung in Deutschland planen, ist die GSIA auch Ihr idealer Partner. Die GSIA verf\u00fcgt \u00fcber umfangreiche Erfahrung in der Organisation verschiedener Events wie Pr\u00e4sentationen, Messen, Vortragsreihen, Business-Talks, Gesch\u00e4ftsverhandlungen und Gr\u00fcnderwettbewerben. GSIA bietet auch professionelle Design-, Planungs- und Organisationsdienstleistungen an und begleitet Sie w\u00e4hrend des gesamten Prozesses.<\/span><\/p>\n<p>[\/et_pb_text][\/et_pb_column][\/et_pb_row][et_pb_row column_structure=&#8220;1_3,1_3,1_3&#8243; _builder_version=&#8220;4.5.1&#8243; _module_preset=&#8220;default&#8220;][et_pb_column type=&#8220;1_3&#8243; _builder_version=&#8220;4.5.1&#8243; _module_preset=&#8220;default&#8220;][et_pb_text _builder_version=&#8220;4.7.7&#8243; _module_preset=&#8220;default&#8220; text_text_color=&#8220;#0c71c3&#8243; text_line_height=&#8220;2.2em&#8220; border_width_bottom=&#8220;1px&#8220; border_color_bottom=&#8220;#0c71c3&#8243;]<\/p>\n<p style=\"text-align: center;\"><b>kleine Veranstaltung<\/b><\/p>\n<p>[\/et_pb_text][et_pb_slider arrows_custom_color=&#8220;#ffffff&#8220; dot_nav_custom_color=&#8220;#0c71c3&#8243; _builder_version=&#8220;4.5.1&#8243; _module_preset=&#8220;default&#8220; custom_margin=&#8220;0px||||false|false&#8220; custom_padding=&#8220;0px||||false|false&#8220;][et_pb_slide image=&#8220;http:\/\/gsia.eu\/wp-content\/uploads\/2020\/07\/\u5c0f\u578b\u6d3b\u52a8.jpg&#8220; _builder_version=&#8220;4.5.1&#8243; _module_preset=&#8220;default&#8220; background_enable_color=&#8220;off&#8220; border_style_all_image=&#8220;double&#8220; box_shadow_style_image=&#8220;preset1&#8243; sticky_transition=&#8220;on&#8220;][\/et_pb_slide][et_pb_slide image=&#8220;http:\/\/gsia.eu\/wp-content\/uploads\/2020\/07\/\u5c0f\u578b\u6d3b\u52a82.jpg&#8220; _builder_version=&#8220;4.5.1&#8243; _module_preset=&#8220;default&#8220; background_enable_color=&#8220;off&#8220; border_style_all_image=&#8220;double&#8220; box_shadow_style_image=&#8220;preset1&#8243; sticky_transition=&#8220;on&#8220;][\/et_pb_slide][\/et_pb_slider][\/et_pb_column][et_pb_column type=&#8220;1_3&#8243; _builder_version=&#8220;4.5.1&#8243; _module_preset=&#8220;default&#8220;][et_pb_text _builder_version=&#8220;4.7.7&#8243; _module_preset=&#8220;default&#8220; text_text_color=&#8220;#0c71c3&#8243; text_line_height=&#8220;2.2em&#8220; border_width_bottom=&#8220;1px&#8220; border_color_bottom=&#8220;#0c71c3&#8243;]<\/p>\n<p style=\"text-align: center;\"><b>mittelgro\u00dfe Veranstaltung<\/b><\/p>\n<p>[\/et_pb_text][et_pb_slider arrows_custom_color=&#8220;#ffffff&#8220; dot_nav_custom_color=&#8220;#0c71c3&#8243; _builder_version=&#8220;4.5.1&#8243; _module_preset=&#8220;default&#8220; custom_margin=&#8220;0px||||false|false&#8220; custom_padding=&#8220;0px||||false|false&#8220;][et_pb_slide image=&#8220;http:\/\/gsia.eu\/wp-content\/uploads\/2020\/07\/1.jpg&#8220; _builder_version=&#8220;4.5.1&#8243; _module_preset=&#8220;default&#8220; background_enable_color=&#8220;off&#8220; border_style_all_image=&#8220;double&#8220; box_shadow_style_image=&#8220;preset1&#8243; sticky_transition=&#8220;on&#8220;][\/et_pb_slide][et_pb_slide image=&#8220;http:\/\/gsia.eu\/wp-content\/uploads\/2020\/07\/2.jpg&#8220; _builder_version=&#8220;4.5.1&#8243; _module_preset=&#8220;default&#8220; background_enable_color=&#8220;off&#8220; border_style_all_image=&#8220;double&#8220; box_shadow_style_image=&#8220;preset1&#8243; sticky_transition=&#8220;on&#8220;][\/et_pb_slide][et_pb_slide image=&#8220;http:\/\/gsia.eu\/wp-content\/uploads\/2020\/07\/3.jpg&#8220; _builder_version=&#8220;4.5.1&#8243; _module_preset=&#8220;default&#8220; background_enable_color=&#8220;off&#8220; border_style_all_image=&#8220;double&#8220; box_shadow_style_image=&#8220;preset1&#8243; sticky_transition=&#8220;on&#8220;][\/et_pb_slide][et_pb_slide image=&#8220;http:\/\/gsia.eu\/wp-content\/uploads\/2020\/07\/4.jpg&#8220; _builder_version=&#8220;4.5.1&#8243; _module_preset=&#8220;default&#8220; background_enable_color=&#8220;off&#8220; border_style_all_image=&#8220;double&#8220; box_shadow_style_image=&#8220;preset1&#8243; sticky_transition=&#8220;on&#8220;][\/et_pb_slide][\/et_pb_slider][\/et_pb_column][et_pb_column type=&#8220;1_3&#8243; _builder_version=&#8220;4.5.1&#8243; _module_preset=&#8220;default&#8220;][et_pb_text _builder_version=&#8220;4.7.7&#8243; _module_preset=&#8220;default&#8220; text_text_color=&#8220;#0c71c3&#8243; text_line_height=&#8220;2.2em&#8220; border_width_bottom=&#8220;1px&#8220; border_color_bottom=&#8220;#0c71c3&#8243;]<\/p>\n<p style=\"text-align: center;\"><b>gro\u00dfe Veranstaltung<\/b><\/p>\n<p>[\/et_pb_text][et_pb_slider arrows_custom_color=&#8220;#ffffff&#8220; dot_nav_custom_color=&#8220;#0c71c3&#8243; _builder_version=&#8220;4.5.1&#8243; _module_preset=&#8220;default&#8220; custom_margin=&#8220;0px||||false|false&#8220; custom_padding=&#8220;0px||||false|false&#8220;][et_pb_slide image=&#8220;http:\/\/gsia.eu\/wp-content\/uploads\/2020\/07\/1-1.jpg&#8220; _builder_version=&#8220;4.5.1&#8243; _module_preset=&#8220;default&#8220; background_enable_color=&#8220;off&#8220; border_style_all_image=&#8220;double&#8220; box_shadow_style_image=&#8220;preset1&#8243; sticky_transition=&#8220;on&#8220;][\/et_pb_slide][et_pb_slide image=&#8220;http:\/\/gsia.eu\/wp-content\/uploads\/2020\/07\/2-1.jpg&#8220; _builder_version=&#8220;4.5.1&#8243; _module_preset=&#8220;default&#8220; background_enable_color=&#8220;off&#8220; border_style_all_image=&#8220;double&#8220; box_shadow_style_image=&#8220;preset1&#8243; sticky_transition=&#8220;on&#8220;][\/et_pb_slide][et_pb_slide image=&#8220;http:\/\/gsia.eu\/wp-content\/uploads\/2020\/07\/3-1-e1595951321185.jpg&#8220; _builder_version=&#8220;4.5.1&#8243; _module_preset=&#8220;default&#8220; background_enable_color=&#8220;off&#8220; border_style_all_image=&#8220;double&#8220; box_shadow_style_image=&#8220;preset1&#8243; sticky_transition=&#8220;on&#8220;][\/et_pb_slide][et_pb_slide image=&#8220;http:\/\/gsia.eu\/wp-content\/uploads\/2020\/07\/4-1-e1595951781585.jpg&#8220; _builder_version=&#8220;4.5.1&#8243; _module_preset=&#8220;default&#8220; background_enable_color=&#8220;off&#8220; border_style_all_image=&#8220;double&#8220; box_shadow_style_image=&#8220;preset1&#8243; sticky_transition=&#8220;on&#8220;][\/et_pb_slide][\/et_pb_slider][\/et_pb_column][\/et_pb_row][\/et_pb_section]<\/p>\n","protected":false},"excerpt":{"rendered":"<p>GSIA Eventmanagement &nbsp;GSIA EventmanagementDie Organisation von Veranstaltungen ist das zweite Standbein von GSIA. Mit der starken Unterst\u00fctzung chinesischer und deutscher Regierungsbeh\u00f6rden, Nichtregierungsorganisationen sowie Unternehmen und Institutionen organisiert GSIA j\u00e4hrlich Business-Matchmaking-Events in verschiedenen Gr\u00f6\u00dfenordnungen in beiden Regionen. Durch die Teilnahme an diesen Events k\u00f6nnen Sie Ihr deutsch-chinesisches Netzwerk aufbauen und\/oder erweitern. Die Themen der Veranstaltungen orientieren [&hellip;]<\/p>\n","protected":false},"author":1,"featured_media":0,"parent":0,"menu_order":0,"comment_status":"closed","ping_status":"closed","template":"","meta":{"_et_pb_use_builder":"on","_et_pb_old_content":"","_et_gb_content_width":"","footnotes":""},"class_list":["post-1339","page","type-page","status-publish","hentry"],"_links":{"self":[{"href":"https:\/\/gsia.eu\/index.php?rest_route=\/wp\/v2\/pages\/1339","targetHints":{"allow":["GET"]}}],"collection":[{"href":"https:\/\/gsia.eu\/index.php?rest_route=\/wp\/v2\/pages"}],"about":[{"href":"https:\/\/gsia.eu\/index.php?rest_route=\/wp\/v2\/types\/page"}],"author":[{"embeddable":true,"href":"https:\/\/gsia.eu\/index.php?rest_route=\/wp\/v2\/users\/1"}],"replies":[{"embeddable":true,"href":"https:\/\/gsia.eu\/index.php?rest_route=%2Fwp%2Fv2%2Fcomments&post=1339"}],"version-history":[{"count":7,"href":"https:\/\/gsia.eu\/index.php?rest_route=\/wp\/v2\/pages\/1339\/revisions"}],"predecessor-version":[{"id":1512,"href":"https:\/\/gsia.eu\/index.php?rest_route=\/wp\/v2\/pages\/1339\/revisions\/1512"}],"wp:attachment":[{"href":"https:\/\/gsia.eu\/index.php?rest_route=%2Fwp%2Fv2%2Fmedia&parent=1339"}],"curies":[{"name":"wp","href":"https:\/\/api.w.org\/{rel}","templated":true}]}}