{"id":1326,"date":"2020-12-15T16:57:07","date_gmt":"2020-12-15T16:57:07","guid":{"rendered":"http:\/\/gsia.eu\/?page_id=1326"},"modified":"2021-04-21T09:18:04","modified_gmt":"2021-04-21T09:18:04","slug":"geschaeftsunterstuetzung-von-gsia","status":"publish","type":"page","link":"https:\/\/gsia.eu\/?page_id=1326&lang=de","title":{"rendered":"Gesch\u00e4ftsunterst\u00fctzung von GSIA"},"content":{"rendered":"<p>[et_pb_section fb_built=&#8220;1&#8243; next_background_color=&#8220;#ffffff&#8220; _builder_version=&#8220;4.4.8&#8243; background_color=&#8220;#0c71c3&#8243; use_background_color_gradient=&#8220;on&#8220; background_color_gradient_start=&#8220;rgba(102,152,193,0.37)&#8220; background_color_gradient_end=&#8220;#ffffff&#8220; background_color_gradient_direction=&#8220;100deg&#8220; background_color_gradient_start_position=&#8220;70%&#8220; background_color_gradient_overlays_image=&#8220;on&#8220; background_enable_image=&#8220;off&#8220; custom_padding=&#8220;3px||18px|||&#8220; bottom_divider_style=&#8220;ramp2&#8243; bottom_divider_flip=&#8220;horizontal&#8220;][et_pb_row _builder_version=&#8220;3.25&#8243; custom_margin=&#8220;-2px|auto|2px|auto||&#8220; custom_padding=&#8220;47px||13px|||&#8220;][et_pb_column type=&#8220;4_4&#8243; _builder_version=&#8220;3.25&#8243; custom_padding=&#8220;|||&#8220; custom_padding__hover=&#8220;|||&#8220;][et_pb_text _builder_version=&#8220;4.7.7&#8243; header_font=&#8220;Montserrat||||||||&#8220; header_text_color=&#8220;#ffffff&#8220; header_font_size=&#8220;40px&#8220; width=&#8220;85.3%&#8220; min_height=&#8220;98px&#8220; custom_margin=&#8220;-49px||||false|false&#8220; custom_padding=&#8220;0px||0px|||&#8220;]<\/p>\n<h6><\/h6>\n<h1><strong><\/strong><\/h1>\n<h1><strong><\/strong><\/h1>\n<h1><strong><\/strong><\/h1>\n<h1><strong><\/strong><\/h1>\n<h1><span style=\"font-size: 24px;\"><b>GSIA Gesch\u00e4ftsbetreuung<\/b><\/span><strong><\/strong><\/h1>\n<p>&nbsp;<\/p>\n<p>[\/et_pb_text][\/et_pb_column][\/et_pb_row][\/et_pb_section][et_pb_section fb_built=&#8220;1&#8243; _builder_version=&#8220;3.22.7&#8243; custom_margin=&#8220;||108px|||&#8220; custom_padding=&#8220;92px||0px|||&#8220;][et_pb_row column_structure=&#8220;3_5,2_5&#8243; _builder_version=&#8220;4.4.3&#8243;][et_pb_column type=&#8220;3_5&#8243; _builder_version=&#8220;4.4.3&#8243;][et_pb_text _builder_version=&#8220;4.7.7&#8243; text_text_color=&#8220;#000000&#8243; custom_padding=&#8220;0px||5px||false|false&#8220; border_width_bottom=&#8220;1px&#8220; border_color_bottom=&#8220;#0c71c3&#8243;]<\/p>\n<p><span style=\"font-size: large; color: #0c71c3;\"><strong>GSIA Gesch\u00e4ftsbetreuung<\/strong><\/span><\/p>\n<p>[\/et_pb_text][et_pb_text _builder_version=&#8220;4.9.4&#8243; hover_enabled=&#8220;0&#8243; sticky_enabled=&#8220;0&#8243;]<\/p>\n<p><span>Der Markteintritt in Deutschland ist f\u00fcr jeden Unternehmer aus China sowohl eine Herausforderung als auch eine Chance. Das neue Gesch\u00e4ftsumfeld, die Kultur und die deutsche Sprache machen es den chinesischen Newcomern oft besonders schwer.<\/span><\/p>\n<p style=\"text-align: justify;\"><span>Um chinesischen Organisationen und Gesch\u00e4ftsleuten eine schnelle und effektive Integration in das deutsche Gesch\u00e4ftsumfeld zu erm\u00f6glichen, hilft GSIA Unternehmern bei ihren ersten Schritten in Deutschland und der DACH-Region und stellt verkehrsg\u00fcnstig gelegene B\u00fcrozentren mit erstklassigen B\u00fcror\u00e4umen sowie komfortable Unterk\u00fcnfte zur Verf\u00fcgung. Zus\u00e4tzlich stellt GSIA auch ein Expertenteam \u00a0zur Verf\u00fcgung, welches drei Sprachen (Chinesisch, Deutsch und Englisch) beherrscht, um Sie optimal dabei zu unterst\u00fctzen, in Deutschland Fu\u00df zu fassen sowie schnell, effektiv und mit Erfolg Ihre Gesch\u00e4fte zu t\u00e4tigen.<\/span><\/p>\n<p>[\/et_pb_text][\/et_pb_column][et_pb_column type=&#8220;2_5&#8243; _builder_version=&#8220;4.4.3&#8243;][et_pb_image src=&#8220;http:\/\/gsia.eu\/wp-content\/uploads\/2020\/06\/\u5546\u52a1\u652f\u63012.png&#8220; title_text=&#8220;\u5546\u52a1\u652f\u63012&#8243; _builder_version=&#8220;4.4.8&#8243;][\/et_pb_image][\/et_pb_column][\/et_pb_row][\/et_pb_section]<\/p>\n","protected":false},"excerpt":{"rendered":"<p>GSIA Gesch\u00e4ftsbetreuung &nbsp;GSIA Gesch\u00e4ftsbetreuungDer Markteintritt in Deutschland ist f\u00fcr jeden Unternehmer aus China sowohl eine Herausforderung als auch eine Chance. Das neue Gesch\u00e4ftsumfeld, die Kultur und die deutsche Sprache machen es den chinesischen Newcomern oft besonders schwer. Um chinesischen Organisationen und Gesch\u00e4ftsleuten eine schnelle und effektive Integration in das deutsche Gesch\u00e4ftsumfeld zu erm\u00f6glichen, hilft GSIA [&hellip;]<\/p>\n","protected":false},"author":1,"featured_media":0,"parent":0,"menu_order":0,"comment_status":"closed","ping_status":"closed","template":"","meta":{"_et_pb_use_builder":"on","_et_pb_old_content":"","_et_gb_content_width":"","footnotes":""},"class_list":["post-1326","page","type-page","status-publish","hentry"],"_links":{"self":[{"href":"https:\/\/gsia.eu\/index.php?rest_route=\/wp\/v2\/pages\/1326","targetHints":{"allow":["GET"]}}],"collection":[{"href":"https:\/\/gsia.eu\/index.php?rest_route=\/wp\/v2\/pages"}],"about":[{"href":"https:\/\/gsia.eu\/index.php?rest_route=\/wp\/v2\/types\/page"}],"author":[{"embeddable":true,"href":"https:\/\/gsia.eu\/index.php?rest_route=\/wp\/v2\/users\/1"}],"replies":[{"embeddable":true,"href":"https:\/\/gsia.eu\/index.php?rest_route=%2Fwp%2Fv2%2Fcomments&post=1326"}],"version-history":[{"count":6,"href":"https:\/\/gsia.eu\/index.php?rest_route=\/wp\/v2\/pages\/1326\/revisions"}],"predecessor-version":[{"id":1510,"href":"https:\/\/gsia.eu\/index.php?rest_route=\/wp\/v2\/pages\/1326\/revisions\/1510"}],"wp:attachment":[{"href":"https:\/\/gsia.eu\/index.php?rest_route=%2Fwp%2Fv2%2Fmedia&parent=1326"}],"curies":[{"name":"wp","href":"https:\/\/api.w.org\/{rel}","templated":true}]}}