{"id":132,"date":"2019-05-14T09:56:57","date_gmt":"2019-05-14T09:56:57","guid":{"rendered":"http:\/\/gsia.eu\/?page_id=132"},"modified":"2021-04-21T14:49:41","modified_gmt":"2021-04-21T14:49:41","slug":"gsia-projekte","status":"publish","type":"page","link":"https:\/\/gsia.eu\/?page_id=132&lang=de","title":{"rendered":"GSIA Projekte"},"content":{"rendered":"<p>[et_pb_section fb_built=&#8220;1&#8243; next_background_color=&#8220;#ffffff&#8220; _builder_version=&#8220;4.4.3&#8243; background_color=&#8220;#0c71c3&#8243; use_background_color_gradient=&#8220;on&#8220; background_color_gradient_start=&#8220;rgba(102,152,193,0.37)&#8220; background_color_gradient_end=&#8220;#ffffff&#8220; background_color_gradient_direction=&#8220;100deg&#8220; background_color_gradient_start_position=&#8220;70%&#8220; background_color_gradient_overlays_image=&#8220;on&#8220; background_image=&#8220;http:\/\/gsia.eu\/wp-content\/uploads\/2019\/05\/african-african-american-african-descent-afro-american-analyzing-1447101-pxhere.com_.jpg&#8220; custom_padding=&#8220;3px||18px|||&#8220; bottom_divider_style=&#8220;ramp2&#8243; bottom_divider_flip=&#8220;horizontal&#8220;][et_pb_row _builder_version=&#8220;3.25&#8243; custom_margin=&#8220;-2px|auto|2px|auto||&#8220; custom_padding=&#8220;47px||13px|||&#8220;][et_pb_column type=&#8220;4_4&#8243; _builder_version=&#8220;3.25&#8243; custom_padding=&#8220;|||&#8220; custom_padding__hover=&#8220;|||&#8220;][et_pb_text _builder_version=&#8220;4.7.7&#8243; text_font=&#8220;Montserrat||||||||&#8220; header_font=&#8220;Montserrat||||||||&#8220; header_text_color=&#8220;#ffffff&#8220; header_font_size=&#8220;40px&#8220; width=&#8220;85.3%&#8220; min_height=&#8220;98px&#8220; custom_margin=&#8220;-49px||||false|false&#8220; custom_padding=&#8220;0px||0px|||&#8220; inline_fonts=&#8220;Montserrat&#8220;]<\/p>\n<h6><\/h6>\n<h1><strong><\/strong><\/h1>\n<h1><strong><\/strong><\/h1>\n<h1><strong><\/strong><\/h1>\n<h1><strong><\/strong><\/h1>\n<h1><span style=\"font-size: 24px;\"><b>GSIA Projekte<\/b><\/span><strong><\/strong><\/h1>\n<p>&nbsp;<\/p>\n<p>[\/et_pb_text][\/et_pb_column][\/et_pb_row][\/et_pb_section][et_pb_section fb_built=&#8220;1&#8243; _builder_version=&#8220;4.4.3&#8243; custom_margin=&#8220;||106px|||&#8220; custom_padding=&#8220;||4px|||&#8220;][et_pb_row _builder_version=&#8220;4.4.3&#8243;][et_pb_column type=&#8220;4_4&#8243; _builder_version=&#8220;4.4.3&#8243;][et_pb_text _builder_version=&#8220;4.7.7&#8243; custom_margin=&#8220;0px||||false|false&#8220; custom_padding=&#8220;0px||10px||false|false&#8220; border_width_bottom=&#8220;1px&#8220; border_color_bottom=&#8220;#0c71c3&#8243;]<\/p>\n<p><span style=\"font-size: large; color: #0c71c3;\"><strong>GSIA Projekte<\/strong><\/span><\/p>\n<p>[\/et_pb_text][et_pb_text _builder_version=&#8220;4.9.4&#8243; text_font=&#8220;|700|||||||&#8220; text_text_color=&#8220;#000000&#8243; ul_text_color=&#8220;#000000&#8243; header_text_align=&#8220;justify&#8220; custom_padding=&#8220;||0px|12px|false|false&#8220; border_width_left=&#8220;10px&#8220; border_color_left=&#8220;#0c71c3&#8243;]<\/p>\n<p>Ein deutscher Hersteller von High-Tech-Unterhaltungssystemen f\u00fcr Flugzeuge sucht einen chinesischen Partner. Das Unternehmen verf\u00fcgt \u00fcber ein EASA-Qualifikationszertifikat und plant den Aufbau einer Produktionslinie in China.<\/p>\n<p>[\/et_pb_text][et_pb_text _builder_version=&#8220;4.7.7&#8243; text_font=&#8220;|700|||||||&#8220; text_text_color=&#8220;#000000&#8243; ul_text_color=&#8220;#000000&#8243; custom_padding=&#8220;|||12px|false|false&#8220; border_width_left=&#8220;10px&#8220; border_color_left=&#8220;#0c71c3&#8243;]<\/p>\n<p>Ein deutsches Unternehmen f\u00fcr den Luxus-Innenausbau von Flugzeugen sucht einen chinesischen Partner. Das Unternehmen verf\u00fcgt \u00fcber das EASA-Qualifikationszertifikat und plant den Aufbau einer Produktionslinie in China.<\/p>\n<p>[\/et_pb_text][et_pb_text _builder_version=&#8220;4.7.7&#8243; text_font=&#8220;|700|||||||&#8220; text_text_color=&#8220;#000000&#8243; ul_text_color=&#8220;#000000&#8243; custom_padding=&#8220;|||12px|false|false&#8220; border_width_left=&#8220;10px&#8220; border_color_left=&#8220;#0c71c3&#8243;]<\/p>\n<p>Ein deutsches High-Tech-Pharmaunternehmen (Histopathologie) sucht chinesische Partner zur Erschlie\u00dfung des chinesischen Marktes. Das Unternehmen hat mehrere internationale Patente erhalten.<\/p>\n<p>[\/et_pb_text][et_pb_text _builder_version=&#8220;4.9.4&#8243; text_font=&#8220;|700|||||||&#8220; text_text_color=&#8220;#000000&#8243; ul_text_color=&#8220;#000000&#8243; custom_padding=&#8220;|||12px|false|false&#8220; border_width_left=&#8220;10px&#8220; border_color_left=&#8220;#0c71c3&#8243;]<\/p>\n<p>Ein deutsches Unternehmen, welches sich auf die Freisetzung von Nanopartikeln spezialisiert, sucht chinesische Partner. Das Unternehmen verf\u00fcgt bereits \u00fcber eine Reihe von Patenten und eine exklusive Lizenz der Clemson University in den USA.<\/p>\n<p>[\/et_pb_text][et_pb_text _builder_version=&#8220;4.9.4&#8243; text_font=&#8220;|700|||||||&#8220; text_text_color=&#8220;#000000&#8243; ul_text_color=&#8220;#000000&#8243; custom_padding=&#8220;|||12px|false|false&#8220; hover_enabled=&#8220;0&#8243; border_width_left=&#8220;10px&#8220; border_color_left=&#8220;#0c71c3&#8243; sticky_enabled=&#8220;0&#8243;]<\/p>\n<p>Ein deutsches Diagnostikunternehmen f\u00fcr k\u00fcnstliche Intelligenz sucht chinesische Partner.<\/p>\n<p>[\/et_pb_text][et_pb_text _builder_version=&#8220;4.7.7&#8243; text_font=&#8220;|700|||||||&#8220; text_text_color=&#8220;#000000&#8243; ul_text_color=&#8220;#000000&#8243; custom_padding=&#8220;|||12px|false|false&#8220; border_width_left=&#8220;10px&#8220; border_color_left=&#8220;#0c71c3&#8243;]<\/p>\n<p>Ein deutsches Smart-Home-Hightech-Unternehmen sucht chinesische Partner zur Expansion in den chinesischen Markt. Das Unternehmen hat in Europa ein Patent angemeldet.<\/p>\n<p>[\/et_pb_text][et_pb_text _builder_version=&#8220;4.7.7&#8243; text_font=&#8220;|700|||||||&#8220; text_text_color=&#8220;#000000&#8243; ul_text_color=&#8220;#000000&#8243; header_text_align=&#8220;justify&#8220; text_orientation=&#8220;justified&#8220; custom_padding=&#8220;|||12px|false|false&#8220; border_width_left=&#8220;10px&#8220; border_color_left=&#8220;#0c71c3&#8243;]<\/p>\n<p>Ein deutscher Hersteller von Industrieheizger\u00e4ten sucht chinesische Partner. Durch den Einsatz dieser Ger\u00e4te kann die Menge des verwendeten Kunststoffs reduziert, die Umwelt geschont und Energie gespart werden. Das Unternehmen hat entsprechende Patente erhalten.<\/p>\n<p>[\/et_pb_text][\/et_pb_column][\/et_pb_row][\/et_pb_section]<\/p>\n","protected":false},"excerpt":{"rendered":"<p>GSIA Projekte &nbsp;GSIA ProjekteEin deutscher Hersteller von High-Tech-Unterhaltungssystemen f\u00fcr Flugzeuge sucht einen chinesischen Partner. Das Unternehmen verf\u00fcgt \u00fcber ein EASA-Qualifikationszertifikat und plant den Aufbau einer Produktionslinie in China.Ein deutsches Unternehmen f\u00fcr den Luxus-Innenausbau von Flugzeugen sucht einen chinesischen Partner. Das Unternehmen verf\u00fcgt \u00fcber das EASA-Qualifikationszertifikat und plant den Aufbau einer Produktionslinie in China.Ein deutsches High-Tech-Pharmaunternehmen [&hellip;]<\/p>\n","protected":false},"author":1,"featured_media":0,"parent":0,"menu_order":0,"comment_status":"closed","ping_status":"closed","template":"","meta":{"_et_pb_use_builder":"on","_et_pb_old_content":"","_et_gb_content_width":"","footnotes":""},"class_list":["post-132","page","type-page","status-publish","hentry"],"_links":{"self":[{"href":"https:\/\/gsia.eu\/index.php?rest_route=\/wp\/v2\/pages\/132","targetHints":{"allow":["GET"]}}],"collection":[{"href":"https:\/\/gsia.eu\/index.php?rest_route=\/wp\/v2\/pages"}],"about":[{"href":"https:\/\/gsia.eu\/index.php?rest_route=\/wp\/v2\/types\/page"}],"author":[{"embeddable":true,"href":"https:\/\/gsia.eu\/index.php?rest_route=\/wp\/v2\/users\/1"}],"replies":[{"embeddable":true,"href":"https:\/\/gsia.eu\/index.php?rest_route=%2Fwp%2Fv2%2Fcomments&post=132"}],"version-history":[{"count":13,"href":"https:\/\/gsia.eu\/index.php?rest_route=\/wp\/v2\/pages\/132\/revisions"}],"predecessor-version":[{"id":1549,"href":"https:\/\/gsia.eu\/index.php?rest_route=\/wp\/v2\/pages\/132\/revisions\/1549"}],"wp:attachment":[{"href":"https:\/\/gsia.eu\/index.php?rest_route=%2Fwp%2Fv2%2Fmedia&parent=132"}],"curies":[{"name":"wp","href":"https:\/\/api.w.org\/{rel}","templated":true}]}}