{"id":1276,"date":"2020-12-15T14:52:29","date_gmt":"2020-12-15T14:52:29","guid":{"rendered":"http:\/\/gsia.eu\/?page_id=1276"},"modified":"2021-04-21T11:45:02","modified_gmt":"2021-04-21T11:45:02","slug":"herr-thomas-nolting","status":"publish","type":"page","link":"https:\/\/gsia.eu\/?page_id=1276&lang=de","title":{"rendered":"Herr Thomas Nolting"},"content":{"rendered":"<p>[et_pb_section fb_built=&#8220;1&#8243; next_background_color=&#8220;#ffffff&#8220; _builder_version=&#8220;4.4.2&#8243; background_color=&#8220;#0c71c3&#8243; use_background_color_gradient=&#8220;on&#8220; background_color_gradient_start=&#8220;#0c71c3&#8243; background_color_gradient_end=&#8220;#ffffff&#8220; background_color_gradient_direction=&#8220;100deg&#8220; background_color_gradient_start_position=&#8220;70%&#8220; background_color_gradient_overlays_image=&#8220;on&#8220; background_enable_image=&#8220;off&#8220; custom_padding=&#8220;3px||18px|||&#8220; bottom_divider_style=&#8220;ramp2&#8243; bottom_divider_flip=&#8220;horizontal&#8220;][et_pb_row _builder_version=&#8220;3.25&#8243; custom_margin=&#8220;-2px|auto|2px|auto||&#8220; custom_padding=&#8220;47px||13px|||&#8220;][et_pb_column type=&#8220;4_4&#8243; _builder_version=&#8220;3.25&#8243; custom_padding=&#8220;|||&#8220; custom_padding__hover=&#8220;|||&#8220;][et_pb_text _builder_version=&#8220;4.7.7&#8243; header_font=&#8220;Montserrat||||||||&#8220; header_text_color=&#8220;#ffffff&#8220; header_font_size=&#8220;40px&#8220; width=&#8220;85.3%&#8220; min_height=&#8220;98px&#8220; custom_margin=&#8220;-49px||||false|false&#8220; custom_padding=&#8220;0px||0px|||&#8220;]<\/p>\n<h6><\/h6>\n<h1><strong><\/strong><\/h1>\n<h1><strong><\/strong><\/h1>\n<h1><strong><\/strong><\/h1>\n<h1><strong><\/strong><\/h1>\n<h1><span style=\"font-size: 24px;\"><b>Herr Thomas NOLTING<\/b><\/span><strong><\/strong><\/h1>\n<p>&nbsp;<\/p>\n<p>[\/et_pb_text][\/et_pb_column][\/et_pb_row][\/et_pb_section][et_pb_section fb_built=&#8220;1&#8243; _builder_version=&#8220;3.22.7&#8243; custom_margin=&#8220;||108px|||&#8220; custom_padding=&#8220;92px||0px|||&#8220;][et_pb_row column_structure=&#8220;1_4,3_4&#8243; _builder_version=&#8220;3.25&#8243; custom_margin=&#8220;-20px|auto||auto||&#8220;][et_pb_column type=&#8220;1_4&#8243; _builder_version=&#8220;3.25&#8243; custom_padding=&#8220;|||&#8220; custom_padding__hover=&#8220;|||&#8220;][et_pb_image src=&#8220;http:\/\/gsia.eu\/wp-content\/uploads\/2020\/06\/\u6258\u9a6c\u65af-\u8bfa\u4e01-e1593013203908.png&#8220; title_text=&#8220;\u6258\u9a6c\u65af-\u8bfa\u4e01-e1593013203908&#8243; align_tablet=&#8220;center&#8220; align_phone=&#8220;&#8220; align_last_edited=&#8220;on|desktop&#8220; _builder_version=&#8220;4.5.1&#8243;][\/et_pb_image][\/et_pb_column][et_pb_column type=&#8220;3_4&#8243; _builder_version=&#8220;3.25&#8243; custom_padding=&#8220;|||&#8220; custom_padding__hover=&#8220;|||&#8220;][et_pb_text _builder_version=&#8220;4.9.4&#8243; text_font=&#8220;||||||||&#8220; text_text_color=&#8220;#000000&#8243; text_font_size=&#8220;15px&#8220; custom_margin=&#8220;|-3px||||&#8220; custom_padding=&#8220;0px||0px|||&#8220; hover_enabled=&#8220;0&#8243; sticky_enabled=&#8220;0&#8243;]<\/p>\n<p style=\"text-align: justify;\"><span>Herr Thomas Nolting ist ein leitender Ingenieur f\u00fcr Elektrotechnik in Deutschland. Er verf\u00fcgt \u00fcber mehr als 30 Jahre internationale Erfahrung in der Automobilindustrie und ist seit mehr als 5 Jahren im Technologietransfer zwischen deutschen und chinesischen Unternehmen, Forschungseinrichtungen, Verb\u00e4nden und Kommunen t\u00e4tig.<\/span><\/p>\n<p style=\"text-align: justify;\"><span>Herr Thomas Nolting ist seit 2016 CEO des Instituts f\u00fcr Automatisierung und Industrietechnologie. Das Institut ist eine offiziell eingetragene Betriebsorganisation in Deutschland und konzentriert sich auf die F\u00f6rderung des Technologieaustauschs und der Zusammenarbeit von Unternehmen in den Bereichen der fortschrittlichen intelligenten Fertigung und Industrie 4.0 zwischen China und Deutschland. Ziel ist es, das strategische Andocken von &#8222;German Industry 4.0&#8220; und &#8222;Made in China 2025&#8220; zu f\u00f6rdern.<\/span><\/p>\n<p style=\"text-align: justify;\">\n<p>[\/et_pb_text][\/et_pb_column][\/et_pb_row][\/et_pb_section]<\/p>\n","protected":false},"excerpt":{"rendered":"<p>Herr Thomas NOLTING &nbsp;Herr Thomas Nolting ist ein leitender Ingenieur f\u00fcr Elektrotechnik in Deutschland. Er verf\u00fcgt \u00fcber mehr als 30 Jahre internationale Erfahrung in der Automobilindustrie und ist seit mehr als 5 Jahren im Technologietransfer zwischen deutschen und chinesischen Unternehmen, Forschungseinrichtungen, Verb\u00e4nden und Kommunen t\u00e4tig. Herr Thomas Nolting ist seit 2016 CEO des Instituts f\u00fcr [&hellip;]<\/p>\n","protected":false},"author":1,"featured_media":0,"parent":0,"menu_order":0,"comment_status":"closed","ping_status":"closed","template":"","meta":{"_et_pb_use_builder":"on","_et_pb_old_content":"","_et_gb_content_width":"","footnotes":""},"class_list":["post-1276","page","type-page","status-publish","hentry"],"_links":{"self":[{"href":"https:\/\/gsia.eu\/index.php?rest_route=\/wp\/v2\/pages\/1276","targetHints":{"allow":["GET"]}}],"collection":[{"href":"https:\/\/gsia.eu\/index.php?rest_route=\/wp\/v2\/pages"}],"about":[{"href":"https:\/\/gsia.eu\/index.php?rest_route=\/wp\/v2\/types\/page"}],"author":[{"embeddable":true,"href":"https:\/\/gsia.eu\/index.php?rest_route=\/wp\/v2\/users\/1"}],"replies":[{"embeddable":true,"href":"https:\/\/gsia.eu\/index.php?rest_route=%2Fwp%2Fv2%2Fcomments&post=1276"}],"version-history":[{"count":6,"href":"https:\/\/gsia.eu\/index.php?rest_route=\/wp\/v2\/pages\/1276\/revisions"}],"predecessor-version":[{"id":1536,"href":"https:\/\/gsia.eu\/index.php?rest_route=\/wp\/v2\/pages\/1276\/revisions\/1536"}],"wp:attachment":[{"href":"https:\/\/gsia.eu\/index.php?rest_route=%2Fwp%2Fv2%2Fmedia&parent=1276"}],"curies":[{"name":"wp","href":"https:\/\/api.w.org\/{rel}","templated":true}]}}