{"id":1260,"date":"2020-12-15T14:28:00","date_gmt":"2020-12-15T14:28:00","guid":{"rendered":"http:\/\/gsia.eu\/?page_id=1260"},"modified":"2021-04-21T11:49:10","modified_gmt":"2021-04-21T11:49:10","slug":"herr-baoning-peng","status":"publish","type":"page","link":"https:\/\/gsia.eu\/?page_id=1260&lang=de","title":{"rendered":"Herr Baoning Peng"},"content":{"rendered":"<p>[et_pb_section fb_built=&#8220;1&#8243; next_background_color=&#8220;#ffffff&#8220; _builder_version=&#8220;4.4.2&#8243; background_color=&#8220;#0c71c3&#8243; use_background_color_gradient=&#8220;on&#8220; background_color_gradient_start=&#8220;#0c71c3&#8243; background_color_gradient_end=&#8220;#ffffff&#8220; background_color_gradient_direction=&#8220;100deg&#8220; background_color_gradient_start_position=&#8220;70%&#8220; background_color_gradient_overlays_image=&#8220;on&#8220; background_enable_image=&#8220;off&#8220; custom_padding=&#8220;3px||18px|||&#8220; bottom_divider_style=&#8220;ramp2&#8243; bottom_divider_flip=&#8220;horizontal&#8220;][et_pb_row _builder_version=&#8220;3.25&#8243; custom_margin=&#8220;-2px|auto|2px|auto||&#8220; custom_padding=&#8220;47px||13px|||&#8220;][et_pb_column type=&#8220;4_4&#8243; _builder_version=&#8220;3.25&#8243; custom_padding=&#8220;|||&#8220; custom_padding__hover=&#8220;|||&#8220;][et_pb_text _builder_version=&#8220;4.7.7&#8243; header_font=&#8220;Montserrat||||||||&#8220; header_text_color=&#8220;#ffffff&#8220; header_font_size=&#8220;40px&#8220; width=&#8220;85.3%&#8220; min_height=&#8220;98px&#8220; custom_margin=&#8220;-49px||||false|false&#8220; custom_padding=&#8220;0px||0px|||&#8220;]<\/p>\n<h6><\/h6>\n<h1><strong><\/strong><\/h1>\n<h1><strong><\/strong><\/h1>\n<h1><strong><\/strong><\/h1>\n<h1><strong><\/strong><\/h1>\n<h1><span style=\"font-size: 24px;\"><b>Herr Baoning PENG<\/b><\/span><strong><\/strong><\/h1>\n<p>&nbsp;<\/p>\n<p>[\/et_pb_text][\/et_pb_column][\/et_pb_row][\/et_pb_section][et_pb_section fb_built=&#8220;1&#8243; _builder_version=&#8220;3.22.7&#8243; custom_margin=&#8220;||108px|||&#8220; custom_padding=&#8220;92px||0px|||&#8220;][et_pb_row column_structure=&#8220;1_4,3_4&#8243; _builder_version=&#8220;3.25&#8243; custom_margin=&#8220;-20px|auto||auto||&#8220;][et_pb_column type=&#8220;1_4&#8243; _builder_version=&#8220;3.25&#8243; custom_padding=&#8220;|||&#8220; custom_padding__hover=&#8220;|||&#8220;][et_pb_image src=&#8220;http:\/\/gsia.eu\/wp-content\/uploads\/2020\/04\/\u5f6d\u5b9d\u6797-e1586771709222.jpg&#8220; align_tablet=&#8220;center&#8220; align_phone=&#8220;&#8220; align_last_edited=&#8220;on|desktop&#8220; _builder_version=&#8220;4.4.2&#8243;][\/et_pb_image][\/et_pb_column][et_pb_column type=&#8220;3_4&#8243; _builder_version=&#8220;3.25&#8243; custom_padding=&#8220;|||&#8220; custom_padding__hover=&#8220;|||&#8220;][et_pb_text _builder_version=&#8220;4.9.4&#8243; text_font=&#8220;||||||||&#8220; text_text_color=&#8220;#000000&#8243; text_font_size=&#8220;15px&#8220; custom_margin=&#8220;|-3px||||&#8220; custom_padding=&#8220;0px||0px|||&#8220;]<\/p>\n<p style=\"text-align: justify;\"><span>Herr Baoning Peng, der stellvertretende Vorsitzende der GSIA, hat seit 2002 an einer Reihe von F\u00f6rderprogrammen im Rahmen des Nationalen Programms zur Entwicklung von Hochtechnologie (863-Programm) und gro\u00dfen nationalen wissenschaftlichen und technologischen Projekten des 10. F\u00fcnfjahresplans teilgenommen. Zudem hat er zwei Erfindungspatente und mehr als zehn Gebrauchsmusterpatente erhalten. Er beteiligte sich an Projekten zum kulturellen Aufbau und Kreativf\u00f6rderung wie dem National Cultural Industry Special Fund Project und dem Vocational Education Professional Teaching Resource Library Project des Bildungsministeriums f\u00fcr vier aufeinanderfolgende Jahre. Im Jahr 2015 war er unter der Leitung des Ministeriums, f\u00fcr den vom Talent Exchange Center of Ministry of Industry and Information Technology gef\u00f6rderten RoboCom-Roboterserienwettbewerb verantwortlich. <\/span><\/p>\n<p style=\"text-align: justify;\"><span>Nach Jahren der Entwicklung hat sich RoboCom zu einem Wettbewerbssystem mit drei Kategorien entwickelt: Jugend-, Hochschul- und Industrie-Wettbewerb. Die Wettbewerbe dienen dazu, Chinas Know-How in Robotik und k\u00fcnstlicher Intelligenz zu f\u00f6rdern sowie junge Talente in diesen Bereichen f\u00fcr Universit\u00e4ten und die Industrie zu entdecken. Sie helfen den Hochschulen dabei, die besten Absolventen aus der Mittelschule zu rekrutieren und bieten auch\u00a0 Hochschulabsolventen aussichtsreiche Chancen bei der Berufswahl oder bei der Suche nach einer Promotionsstelle. Die lokale Wirtschaft findet dadurch dringend ben\u00f6tigte Fachkr\u00e4fte f\u00fcr Projektabwicklungen im In- und Ausland. Es handelt sich hierbei um ein Drei-in-Eins-Servicemodell f\u00fcr Wettbewerbe, Talente und Industrie und bietet einen neuen Weg Wettbewerbe mit Personalservice und Branchenf\u00f6rderung zu verbinden.<\/span><\/p>\n<p>&nbsp;<\/p>\n<p>[\/et_pb_text][\/et_pb_column][\/et_pb_row][\/et_pb_section]<\/p>\n","protected":false},"excerpt":{"rendered":"<p>Herr Baoning PENG &nbsp;Herr Baoning Peng, der stellvertretende Vorsitzende der GSIA, hat seit 2002 an einer Reihe von F\u00f6rderprogrammen im Rahmen des Nationalen Programms zur Entwicklung von Hochtechnologie (863-Programm) und gro\u00dfen nationalen wissenschaftlichen und technologischen Projekten des 10. F\u00fcnfjahresplans teilgenommen. Zudem hat er zwei Erfindungspatente und mehr als zehn Gebrauchsmusterpatente erhalten. Er beteiligte sich an [&hellip;]<\/p>\n","protected":false},"author":1,"featured_media":0,"parent":0,"menu_order":0,"comment_status":"closed","ping_status":"closed","template":"","meta":{"_et_pb_use_builder":"on","_et_pb_old_content":"","_et_gb_content_width":"","footnotes":""},"class_list":["post-1260","page","type-page","status-publish","hentry"],"_links":{"self":[{"href":"https:\/\/gsia.eu\/index.php?rest_route=\/wp\/v2\/pages\/1260","targetHints":{"allow":["GET"]}}],"collection":[{"href":"https:\/\/gsia.eu\/index.php?rest_route=\/wp\/v2\/pages"}],"about":[{"href":"https:\/\/gsia.eu\/index.php?rest_route=\/wp\/v2\/types\/page"}],"author":[{"embeddable":true,"href":"https:\/\/gsia.eu\/index.php?rest_route=\/wp\/v2\/users\/1"}],"replies":[{"embeddable":true,"href":"https:\/\/gsia.eu\/index.php?rest_route=%2Fwp%2Fv2%2Fcomments&post=1260"}],"version-history":[{"count":5,"href":"https:\/\/gsia.eu\/index.php?rest_route=\/wp\/v2\/pages\/1260\/revisions"}],"predecessor-version":[{"id":1541,"href":"https:\/\/gsia.eu\/index.php?rest_route=\/wp\/v2\/pages\/1260\/revisions\/1541"}],"wp:attachment":[{"href":"https:\/\/gsia.eu\/index.php?rest_route=%2Fwp%2Fv2%2Fmedia&parent=1260"}],"curies":[{"name":"wp","href":"https:\/\/api.w.org\/{rel}","templated":true}]}}