{"id":1251,"date":"2020-12-15T14:13:51","date_gmt":"2020-12-15T14:13:51","guid":{"rendered":"http:\/\/gsia.eu\/?page_id=1251"},"modified":"2021-04-21T14:31:33","modified_gmt":"2021-04-21T14:31:33","slug":"herr-gustav-tiejie","status":"publish","type":"page","link":"https:\/\/gsia.eu\/?page_id=1251&lang=de","title":{"rendered":"Herr Gustav Tiejie"},"content":{"rendered":"<p>[et_pb_section fb_built=&#8220;1&#8243; next_background_color=&#8220;#ffffff&#8220; _builder_version=&#8220;4.4.2&#8243; background_color=&#8220;#0c71c3&#8243; use_background_color_gradient=&#8220;on&#8220; background_color_gradient_start=&#8220;#0c71c3&#8243; background_color_gradient_end=&#8220;#ffffff&#8220; background_color_gradient_direction=&#8220;100deg&#8220; background_color_gradient_start_position=&#8220;70%&#8220; background_color_gradient_overlays_image=&#8220;on&#8220; background_enable_image=&#8220;off&#8220; custom_padding=&#8220;3px||18px|||&#8220; bottom_divider_style=&#8220;ramp2&#8243; bottom_divider_flip=&#8220;horizontal&#8220;][et_pb_row _builder_version=&#8220;3.25&#8243; custom_margin=&#8220;-2px|auto|2px|auto||&#8220; custom_padding=&#8220;47px||13px|||&#8220;][et_pb_column type=&#8220;4_4&#8243; _builder_version=&#8220;3.25&#8243; custom_padding=&#8220;|||&#8220; custom_padding__hover=&#8220;|||&#8220;][et_pb_text _builder_version=&#8220;4.4.2&#8243; header_font=&#8220;Noto Sans||||||||&#8220; header_text_color=&#8220;#ffffff&#8220; header_font_size=&#8220;40px&#8220; width=&#8220;99.6%&#8220; min_height=&#8220;98px&#8220; custom_margin=&#8220;-47px||||false|false&#8220; custom_padding=&#8220;0px||0px||false|false&#8220;]<\/p>\n<h6><\/h6>\n<h1><strong><\/strong><\/h1>\n<h1><strong><\/strong><\/h1>\n<h1><strong><\/strong><\/h1>\n<h1><strong><\/strong><\/h1>\n<h1><span style=\"font-size: 24px;\"><b>Herr Gustav TIETJE<\/b><\/span><strong><\/strong><\/h1>\n<p>&nbsp;<\/p>\n<p>[\/et_pb_text][\/et_pb_column][\/et_pb_row][\/et_pb_section][et_pb_section fb_built=&#8220;1&#8243; _builder_version=&#8220;3.22.7&#8243; custom_margin=&#8220;||108px|||&#8220; custom_padding=&#8220;92px||0px|||&#8220;][et_pb_row column_structure=&#8220;1_4,3_4&#8243; _builder_version=&#8220;3.25&#8243; custom_margin=&#8220;-20px|auto||auto||&#8220;][et_pb_column type=&#8220;1_4&#8243; _builder_version=&#8220;3.25&#8243; custom_padding=&#8220;|||&#8220; custom_padding__hover=&#8220;|||&#8220;][et_pb_image src=&#8220;http:\/\/gsia.eu\/wp-content\/uploads\/2020\/04\/Tietje-e1586276569306.png&#8220; align_tablet=&#8220;center&#8220; align_phone=&#8220;&#8220; align_last_edited=&#8220;on|desktop&#8220; _builder_version=&#8220;4.4.2&#8243;][\/et_pb_image][\/et_pb_column][et_pb_column type=&#8220;3_4&#8243; _builder_version=&#8220;3.25&#8243; custom_padding=&#8220;|||&#8220; custom_padding__hover=&#8220;|||&#8220;][et_pb_text _builder_version=&#8220;4.9.4&#8243; text_font=&#8220;||||||||&#8220; text_text_color=&#8220;#000000&#8243; text_font_size=&#8220;15px&#8220; text_orientation=&#8220;justified&#8220; custom_margin=&#8220;|-3px||||&#8220; custom_padding=&#8220;0px||0px|||&#8220; hover_enabled=&#8220;0&#8243; sticky_enabled=&#8220;0&#8243;]<\/p>\n<p style=\"text-align: justify;\"><span style=\"color: #333333;\">Gustav Tietje ist gesch\u00e4ftsf\u00fchrender Gesellschafter der Tietje Group und Gesch\u00e4ftsf\u00fchrer diverser Unternehmen innerhalb der Gruppe. Die Tietje Group ist aus einem Familienunternehmen mit langer Tradition gewachsen. Bereits 1972 stieg Gustav Tietje, in der 4. Generation der Familie Tietje, in das Familienunternehmen ein und formte das Unternehmen Teege Tietje und Sohn (sp\u00e4ter tts Global Logistics) zu einem der gr\u00f6\u00dften Logistikunternehmen Deutschlands. <\/span><\/p>\n<p style=\"text-align: justify;\"><span style=\"color: #333333;\">Insgesamt blickt die Familie Tietje auf eine 112-j\u00e4hrige Geschichte im Logistiksektor zur\u00fcck. Dabei verf\u00fcgt die Familie Tietje auch \u00fcber jahrzehntelange Gesch\u00e4ftsbeziehungen ins Reich der Mitte. Als Gesch\u00e4ftsf\u00fchrer der Unternehmen CLC China Logistic Center GmbH und CTC Handelsgesellschaft Deutschland mbH begleitet Gustav Tietje au\u00dferdem deutsche und europ\u00e4ische Unternehmen auf ihrem Weg in den chinesischen Markt.<\/span><\/p>\n<p>[\/et_pb_text][\/et_pb_column][\/et_pb_row][\/et_pb_section]<\/p>\n","protected":false},"excerpt":{"rendered":"<p>Herr Gustav TIETJE &nbsp;Gustav Tietje ist gesch\u00e4ftsf\u00fchrender Gesellschafter der Tietje Group und Gesch\u00e4ftsf\u00fchrer diverser Unternehmen innerhalb der Gruppe. Die Tietje Group ist aus einem Familienunternehmen mit langer Tradition gewachsen. Bereits 1972 stieg Gustav Tietje, in der 4. Generation der Familie Tietje, in das Familienunternehmen ein und formte das Unternehmen Teege Tietje und Sohn (sp\u00e4ter tts [&hellip;]<\/p>\n","protected":false},"author":1,"featured_media":0,"parent":0,"menu_order":0,"comment_status":"closed","ping_status":"closed","template":"","meta":{"_et_pb_use_builder":"on","_et_pb_old_content":"","_et_gb_content_width":"","footnotes":""},"class_list":["post-1251","page","type-page","status-publish","hentry"],"_links":{"self":[{"href":"https:\/\/gsia.eu\/index.php?rest_route=\/wp\/v2\/pages\/1251","targetHints":{"allow":["GET"]}}],"collection":[{"href":"https:\/\/gsia.eu\/index.php?rest_route=\/wp\/v2\/pages"}],"about":[{"href":"https:\/\/gsia.eu\/index.php?rest_route=\/wp\/v2\/types\/page"}],"author":[{"embeddable":true,"href":"https:\/\/gsia.eu\/index.php?rest_route=\/wp\/v2\/users\/1"}],"replies":[{"embeddable":true,"href":"https:\/\/gsia.eu\/index.php?rest_route=%2Fwp%2Fv2%2Fcomments&post=1251"}],"version-history":[{"count":5,"href":"https:\/\/gsia.eu\/index.php?rest_route=\/wp\/v2\/pages\/1251\/revisions"}],"predecessor-version":[{"id":1545,"href":"https:\/\/gsia.eu\/index.php?rest_route=\/wp\/v2\/pages\/1251\/revisions\/1545"}],"wp:attachment":[{"href":"https:\/\/gsia.eu\/index.php?rest_route=%2Fwp%2Fv2%2Fmedia&parent=1251"}],"curies":[{"name":"wp","href":"https:\/\/api.w.org\/{rel}","templated":true}]}}