{"id":1203,"date":"2020-12-14T16:39:26","date_gmt":"2020-12-14T16:39:26","guid":{"rendered":"http:\/\/gsia.eu\/?page_id=1203"},"modified":"2025-09-19T15:50:25","modified_gmt":"2025-09-19T15:50:25","slug":"felix-li","status":"publish","type":"page","link":"https:\/\/gsia.eu\/?page_id=1203&lang=de","title":{"rendered":"Felix LI"},"content":{"rendered":"<p>[et_pb_section fb_built=&#8220;1&#8243; next_background_color=&#8220;#ffffff&#8220; _builder_version=&#8220;4.16&#8243; background_color=&#8220;#0c71c3&#8243; use_background_color_gradient=&#8220;on&#8220; background_color_gradient_direction=&#8220;100deg&#8220; background_color_gradient_stops=&#8220;#0c71c3 70%|#ffffff 100%&#8220; background_color_gradient_overlays_image=&#8220;on&#8220; background_color_gradient_start=&#8220;#0c71c3&#8243; background_color_gradient_start_position=&#8220;70%&#8220; background_color_gradient_end=&#8220;#ffffff&#8220; background_enable_image=&#8220;off&#8220; custom_padding=&#8220;3px||18px|||&#8220; bottom_divider_style=&#8220;ramp2&#8243; bottom_divider_flip=&#8220;horizontal&#8220; global_colors_info=&#8220;{}&#8220;][et_pb_row _builder_version=&#8220;4.16&#8243; custom_margin=&#8220;-2px|auto|2px|auto||&#8220; custom_padding=&#8220;47px||13px|||&#8220; global_colors_info=&#8220;{}&#8220;][et_pb_column type=&#8220;4_4&#8243; _builder_version=&#8220;4.16&#8243; custom_padding=&#8220;|||&#8220; global_colors_info=&#8220;{}&#8220; custom_padding__hover=&#8220;|||&#8220;][et_pb_text _builder_version=&#8220;4.16&#8243; header_font=&#8220;Noto Sans||||||||&#8220; header_text_color=&#8220;#ffffff&#8220; header_font_size=&#8220;40px&#8220; width=&#8220;85.3%&#8220; min_height=&#8220;98px&#8220; custom_margin=&#8220;-49px||||false|false&#8220; custom_padding=&#8220;0px||0px|||&#8220; global_colors_info=&#8220;{}&#8220;]<\/p>\n<h6><\/h6>\n<h1><strong><\/strong><\/h1>\n<h1><strong><\/strong><\/h1>\n<h1><strong><\/strong><\/h1>\n<h1><strong><\/strong><\/h1>\n<h1><span style=\"font-size: 24px;\"><b>Herr Felix LI<\/b><\/span><strong><\/strong><\/h1>\n<p>&nbsp;<\/p>\n<p>[\/et_pb_text][\/et_pb_column][\/et_pb_row][\/et_pb_section][et_pb_section fb_built=&#8220;1&#8243; _builder_version=&#8220;4.16&#8243; custom_margin=&#8220;||108px|||&#8220; custom_padding=&#8220;92px||0px|||&#8220; global_colors_info=&#8220;{}&#8220;][et_pb_row column_structure=&#8220;1_4,3_4&#8243; _builder_version=&#8220;4.16&#8243; custom_margin=&#8220;-20px|auto||auto||&#8220; custom_padding=&#8220;37px|||||&#8220; global_colors_info=&#8220;{}&#8220;][et_pb_column type=&#8220;1_4&#8243; _builder_version=&#8220;4.16&#8243; custom_padding=&#8220;|||&#8220; global_colors_info=&#8220;{}&#8220; custom_padding__hover=&#8220;|||&#8220;][et_pb_image src=&#8220;http:\/\/gsia.eu\/wp-content\/uploads\/2020\/07\/lifeng20200701-e1593612241135.jpg&#8220; title_text=&#8220;lifeng20200701&#8243; align_tablet=&#8220;center&#8220; align_phone=&#8220;&#8220; align_last_edited=&#8220;on|desktop&#8220; _builder_version=&#8220;4.16&#8243; global_colors_info=&#8220;{}&#8220;][\/et_pb_image][\/et_pb_column][et_pb_column type=&#8220;3_4&#8243; _builder_version=&#8220;4.16&#8243; custom_padding=&#8220;|||&#8220; global_colors_info=&#8220;{}&#8220; custom_padding__hover=&#8220;|||&#8220;][et_pb_text _builder_version=&#8220;4.16&#8243; text_font=&#8220;||||||||&#8220; text_text_color=&#8220;#000000&#8243; text_font_size=&#8220;15px&#8220; custom_margin=&#8220;|-3px||||&#8220; custom_padding=&#8220;2px||0px|||&#8220; global_colors_info=&#8220;{}&#8220;]<\/p>\n<p data-start=\"47\" data-end=\"265\"><strong data-start=\"47\" data-end=\"263\">Felix Li (\u674e\u950b), deutscher Unternehmer chinesischer Herkunft, schloss 2005 sein Bachelorstudium an der Nanjing University of Science and Technology ab und erwarb 2010 den Masterabschluss an der Universit\u00e4t Hamburg.<\/strong><\/p>\n<p data-start=\"267\" data-end=\"627\">Er verf\u00fcgt \u00fcber nahezu 20 Jahre Erfahrung in der Automatisierungsproduktion sowie in der Forschung und Entwicklung von Batterien f\u00fcr erneuerbare Energien. Er war in Europa und den USA an zahlreichen Projekten beteiligt, von der Batterieforschung bis hin zur Lieferung kompletter Produktionslinien f\u00fcr die automatisierte Fertigung von Lithium-Ionen-Batterien.<\/p>\n<p data-start=\"629\" data-end=\"761\">Zuvor war er als CEO mehrerer b\u00f6rsennotierter Unternehmen im Bereich Smart Manufacturing f\u00fcr Projekte in Europa und den USA t\u00e4tig.<\/p>\n<p data-start=\"763\" data-end=\"1073\">Seine Forschung konzentriert sich auf hochleistungsf\u00e4hige Batteriefertigungsverfahren. Er h\u00e4lt mehrere Patente in der EU, Deutschland und den USA, darunter zur Herstellung von 3D-Strukturelektroden, zum Siebdruck mehrschichtiger Elektroden sowie zur vollst\u00e4ndigen Siebdruckproduktion von Festk\u00f6rperbatterien.<\/p>\n<p><span style=\"color: #333333;\">\u00a0<\/span><\/p>\n<p>[\/et_pb_text][\/et_pb_column][\/et_pb_row][\/et_pb_section]<\/p>\n","protected":false},"excerpt":{"rendered":"<p>Herr Felix LI &nbsp;Felix Li (\u674e\u950b), deutscher Unternehmer chinesischer Herkunft, schloss 2005 sein Bachelorstudium an der Nanjing University of Science and Technology ab und erwarb 2010 den Masterabschluss an der Universit\u00e4t Hamburg. Er verf\u00fcgt \u00fcber nahezu 20 Jahre Erfahrung in der Automatisierungsproduktion sowie in der Forschung und Entwicklung von Batterien f\u00fcr erneuerbare Energien. Er war [&hellip;]<\/p>\n","protected":false},"author":1,"featured_media":0,"parent":0,"menu_order":0,"comment_status":"closed","ping_status":"closed","template":"","meta":{"_et_pb_use_builder":"on","_et_pb_old_content":"","_et_gb_content_width":"","footnotes":""},"class_list":["post-1203","page","type-page","status-publish","hentry"],"_links":{"self":[{"href":"https:\/\/gsia.eu\/index.php?rest_route=\/wp\/v2\/pages\/1203","targetHints":{"allow":["GET"]}}],"collection":[{"href":"https:\/\/gsia.eu\/index.php?rest_route=\/wp\/v2\/pages"}],"about":[{"href":"https:\/\/gsia.eu\/index.php?rest_route=\/wp\/v2\/types\/page"}],"author":[{"embeddable":true,"href":"https:\/\/gsia.eu\/index.php?rest_route=\/wp\/v2\/users\/1"}],"replies":[{"embeddable":true,"href":"https:\/\/gsia.eu\/index.php?rest_route=%2Fwp%2Fv2%2Fcomments&post=1203"}],"version-history":[{"count":9,"href":"https:\/\/gsia.eu\/index.php?rest_route=\/wp\/v2\/pages\/1203\/revisions"}],"predecessor-version":[{"id":1659,"href":"https:\/\/gsia.eu\/index.php?rest_route=\/wp\/v2\/pages\/1203\/revisions\/1659"}],"wp:attachment":[{"href":"https:\/\/gsia.eu\/index.php?rest_route=%2Fwp%2Fv2%2Fmedia&parent=1203"}],"curies":[{"name":"wp","href":"https:\/\/api.w.org\/{rel}","templated":true}]}}