{"id":1181,"date":"2020-12-14T15:38:45","date_gmt":"2020-12-14T15:38:45","guid":{"rendered":"http:\/\/gsia.eu\/?page_id=1181"},"modified":"2025-09-19T22:07:55","modified_gmt":"2025-09-19T22:07:55","slug":"ueber-gsia","status":"publish","type":"page","link":"https:\/\/gsia.eu\/?page_id=1181&lang=de","title":{"rendered":"\u00dcber GSIA"},"content":{"rendered":"<p>[et_pb_section fb_built=&#8220;1&#8243; next_background_color=&#8220;#ffffff&#8220; _builder_version=&#8220;4.16&#8243; background_color=&#8220;#0c71c3&#8243; use_background_color_gradient=&#8220;on&#8220; background_color_gradient_direction=&#8220;100deg&#8220; background_color_gradient_stops=&#8220;#0c71c3 70%|#ffffff 100%&#8220; background_color_gradient_overlays_image=&#8220;on&#8220; background_color_gradient_start=&#8220;#0c71c3&#8243; background_color_gradient_start_position=&#8220;70%&#8220; background_color_gradient_end=&#8220;#ffffff&#8220; background_enable_image=&#8220;off&#8220; custom_padding=&#8220;3px||18px|||&#8220; bottom_divider_style=&#8220;ramp2&#8243; bottom_divider_flip=&#8220;horizontal&#8220; global_colors_info=&#8220;{}&#8220;][et_pb_row _builder_version=&#8220;4.16&#8243; custom_margin=&#8220;-2px|auto|2px|auto||&#8220; custom_padding=&#8220;47px||13px|||&#8220; global_colors_info=&#8220;{}&#8220;][et_pb_column type=&#8220;4_4&#8243; _builder_version=&#8220;4.16&#8243; custom_padding=&#8220;|||&#8220; global_colors_info=&#8220;{}&#8220; custom_padding__hover=&#8220;|||&#8220;][et_pb_text _builder_version=&#8220;4.16&#8243; text_font=&#8220;Montserrat||||||||&#8220; header_font=&#8220;Noto Sans||||||||&#8220; header_text_color=&#8220;#ffffff&#8220; header_font_size=&#8220;40px&#8220; width=&#8220;85.3%&#8220; min_height=&#8220;98px&#8220; custom_margin=&#8220;-49px||||false|false&#8220; custom_padding=&#8220;0px||0px|||&#8220; inline_fonts=&#8220;Montserrat&#8220; global_colors_info=&#8220;{}&#8220;]<\/p>\n<h6><\/h6>\n<h1><strong><\/strong><\/h1>\n<h1><strong><\/strong><\/h1>\n<h1><strong><\/strong><\/h1>\n<h1><strong><\/strong><\/h1>\n<h1><span style=\"font-size: x-large;\"><strong style=\"letter-spacing: initial;\">\u00a0 <span style=\"font-family: Montserrat;\">\u00a0\u00dcber GSIA\u00a0<\/span><\/strong><\/span><strong><\/strong><\/h1>\n<p>&nbsp;<\/p>\n<p>[\/et_pb_text][\/et_pb_column][\/et_pb_row][\/et_pb_section][et_pb_section fb_built=&#8220;1&#8243; _builder_version=&#8220;4.16&#8243; min_height=&#8220;630px&#8220; custom_margin=&#8220;||29px|||&#8220; custom_padding=&#8220;||54px|||&#8220; global_colors_info=&#8220;{}&#8220;][et_pb_row _builder_version=&#8220;4.16&#8243; global_colors_info=&#8220;{}&#8220;][et_pb_column type=&#8220;4_4&#8243; _builder_version=&#8220;4.16&#8243; global_colors_info=&#8220;{}&#8220;][et_pb_text _builder_version=&#8220;4.16&#8243; text_text_color=&#8220;#000000&#8243; text_orientation=&#8220;justified&#8220; custom_padding=&#8220;4px||1px|||&#8220; global_colors_info=&#8220;{}&#8220;]<\/p>\n<p><span>German-Sino Intelligent Manufacturing Alliance (GSIA) h\u00e4lt an der Mission fest, die Zusammenarbeit zwischen dem deutschsprachigen Raum und China bei Innovationsprojekten zu st\u00e4rken, die wichtigen Ressourcen beider Regionen zu vereinen sowie bei der Durchf\u00fchrung und Erreichung ihrer Ziele zu unterst\u00fctzen. GSIA bietet hierbei eine Plattform f\u00fcr den Austausch in den Bereichen Wirtschaft, Handel, technologische Innovation, Bildung und Kultur.<\/span><\/p>\n<p><span>Der Ehrenpr\u00e4sident der GSIA, Prof. Dr. Jianwei Zhang, Mitglied der Deutschen Akademie der Technikwissenschaften (acatech), Ausl\u00e4ndisches Mitglied der Chinesischen Akademie der Ingenieurwissenschaften sowie international anerkannter Experte f\u00fcr Robotik, K\u00fcnstliche Intelligenz und Intelligente Fertigung.<\/span><\/p>\n<p><span>Der CEO, Herr Li Feng, Unternehmer in der Fertigungsindustrie.<\/span><\/p>\n<p>[\/et_pb_text][\/et_pb_column][\/et_pb_row][et_pb_row column_structure=&#8220;1_2,1_2&#8243; _builder_version=&#8220;4.16&#8243; collapsed=&#8220;off&#8220; global_colors_info=&#8220;{}&#8220;][et_pb_column type=&#8220;1_2&#8243; _builder_version=&#8220;4.16&#8243; global_colors_info=&#8220;{}&#8220;][et_pb_text _builder_version=&#8220;4.16&#8243; text_font=&#8220;Montserrat||||||||&#8220; text_text_color=&#8220;#0c71c3&#8243; text_font_size=&#8220;17px&#8220; header_font=&#8220;Montserrat||||||||&#8220; min_height=&#8220;31px&#8220; custom_padding=&#8220;||0px|||&#8220; animation_style=&#8220;fade&#8220; motion_trigger_start=&#8220;top&#8220; border_width_bottom=&#8220;1px&#8220; border_color_bottom=&#8220;#0c71c3&#8243; global_colors_info=&#8220;{}&#8220;]<\/p>\n<p><strong><span>Hintergrund und Besonderheiten der GSIA<\/span><\/strong><\/p>\n<p>[\/et_pb_text][et_pb_text _builder_version=&#8220;4.16&#8243; text_font=&#8220;Montserrat||||||||&#8220; text_text_color=&#8220;#000000&#8243; text_line_height=&#8220;1.4em&#8220; custom_padding=&#8220;||0px|||&#8220; animation_style=&#8220;fade&#8220; global_colors_info=&#8220;{}&#8220;]<\/p>\n<ul>\n<li><span>Professionelle Plattform f\u00fcr deutsch-chinesische wissenschaftliche und technische Zusammenarbeit. Das Team verf\u00fcgt \u00fcber langj\u00e4hrige Erfahrung im Management von Innovationszentren, Innovationsdienstleistungen und internationalen Technologietransferdienstleistungen sowie ein umfangreiches Netzwerk und langfristige Kooperationen mit deutschen und chinesischen Beh\u00f6rden, Instituten und Unternehmen.<\/span><\/li>\n<li><span>Umfassendes Verst\u00e4ndnis \u00fcber deutsche Marktmechanismen und Business-Kultur, wodurch Risiken und Kosten minimiert und die Anpassungsphase f\u00fcr den deutschen Markt verk\u00fcrzt werden.<\/span><\/li>\n<li><span>Der transparente Informationsaustausch erm\u00f6glicht den Gesch\u00e4ftskunden und -partnern jeden einzelnen Schritt des Projekts verfolgen zu k\u00f6nnen, wodurch die Effizienz und der Ressourceneinsatz optimiert werden. Fortschritte werden \u00fcberwacht und dokumentiert.<\/span><\/li>\n<li><span>Das Team zeichnet sich durch Professionalit\u00e4t, Erfahrung und Effizienz aus. Die Mitglieder verf\u00fcgen \u00fcber einen unterschiedlichen Branchenhintergrund und f\u00fchlen sich in beiden Kulturen und L\u00e4ndern zuhause.<\/span><\/li>\n<li><span>Softwareanwendungen aus den neusten Errungenschaften der Robotik- und KI-Forschung<\/span><\/li>\n<li><span>Der weltweit modernste Informationsaustausch auf dem Gebiet der intelligenten Fertigung<\/span><span><\/span><\/li>\n<\/ul>\n<p>[\/et_pb_text][\/et_pb_column][et_pb_column type=&#8220;1_2&#8243; _builder_version=&#8220;4.16&#8243; global_colors_info=&#8220;{}&#8220;][et_pb_text _builder_version=&#8220;4.16&#8243; text_text_color=&#8220;#0c71c3&#8243; min_height=&#8220;31px&#8220; animation_style=&#8220;fade&#8220; animation_duration=&#8220;2000ms&#8220; border_width_bottom=&#8220;1px&#8220; border_color_bottom=&#8220;#0c71c3&#8243; global_colors_info=&#8220;{}&#8220;]<\/p>\n<p><strong><b><span style=\"font-size: large;\">Profitieren Sie vom umfangreichen Netzwerk der GSIA<\/span><\/b><\/strong><\/p>\n<p>[\/et_pb_text][et_pb_text _builder_version=&#8220;4.16&#8243; text_font=&#8220;Montserrat||||||||&#8220; text_line_height=&#8220;1.3em&#8220; ul_text_color=&#8220;#000000&#8243; animation_style=&#8220;fade&#8220; animation_duration=&#8220;2000ms&#8220; global_colors_info=&#8220;{}&#8220;]<\/p>\n<ul>\n<li><span>Regierungs- und Verwaltungsbeh\u00f6rden (Wissenschafts- und Wirtschaftsbeh\u00f6rden auf Bundes-, Landes- und Kommunalebene)<\/span><\/li>\n<li><span>Branchenverb\u00e4nde, Forschungseinrichtungen (wie z.B. die Frauenhof-Institute und die Max-Planck-Institute etc.)<\/span><\/li>\n<li><span>Universit\u00e4re Forschungseinrichtungen (TU Harburg, TU M\u00fcnchen, Hochschule Karlsruhe) <\/span><\/li>\n<li><span>Technologieparks, F\u00f6rdereinrichtungen (Shanghai Institute of Machine Intelligence, Institute for Artificial Intelligence of Tsinghua University etc.)<\/span><\/li>\n<li><span>Deutsch-chinesische Technologie-Startups <\/span><\/li>\n<li><span>Medien (CCTV, NDR Fernsehen)<\/span><\/li>\n<\/ul>\n<p>[\/et_pb_text][\/et_pb_column][\/et_pb_row][\/et_pb_section]<\/p>\n","protected":false},"excerpt":{"rendered":"<p>\u00a0 \u00a0\u00dcber GSIA\u00a0 &nbsp;German-Sino Intelligent Manufacturing Alliance (GSIA) h\u00e4lt an der Mission fest, die Zusammenarbeit zwischen dem deutschsprachigen Raum und China bei Innovationsprojekten zu st\u00e4rken, die wichtigen Ressourcen beider Regionen zu vereinen sowie bei der Durchf\u00fchrung und Erreichung ihrer Ziele zu unterst\u00fctzen. GSIA bietet hierbei eine Plattform f\u00fcr den Austausch in den Bereichen Wirtschaft, Handel, [&hellip;]<\/p>\n","protected":false},"author":1,"featured_media":0,"parent":0,"menu_order":0,"comment_status":"closed","ping_status":"closed","template":"","meta":{"_et_pb_use_builder":"on","_et_pb_old_content":"","_et_gb_content_width":"","footnotes":""},"class_list":["post-1181","page","type-page","status-publish","hentry"],"_links":{"self":[{"href":"https:\/\/gsia.eu\/index.php?rest_route=\/wp\/v2\/pages\/1181","targetHints":{"allow":["GET"]}}],"collection":[{"href":"https:\/\/gsia.eu\/index.php?rest_route=\/wp\/v2\/pages"}],"about":[{"href":"https:\/\/gsia.eu\/index.php?rest_route=\/wp\/v2\/types\/page"}],"author":[{"embeddable":true,"href":"https:\/\/gsia.eu\/index.php?rest_route=\/wp\/v2\/users\/1"}],"replies":[{"embeddable":true,"href":"https:\/\/gsia.eu\/index.php?rest_route=%2Fwp%2Fv2%2Fcomments&post=1181"}],"version-history":[{"count":11,"href":"https:\/\/gsia.eu\/index.php?rest_route=\/wp\/v2\/pages\/1181\/revisions"}],"predecessor-version":[{"id":1672,"href":"https:\/\/gsia.eu\/index.php?rest_route=\/wp\/v2\/pages\/1181\/revisions\/1672"}],"wp:attachment":[{"href":"https:\/\/gsia.eu\/index.php?rest_route=%2Fwp%2Fv2%2Fmedia&parent=1181"}],"curies":[{"name":"wp","href":"https:\/\/api.w.org\/{rel}","templated":true}]}}