{"id":1169,"date":"2020-12-14T14:22:59","date_gmt":"2020-12-14T14:22:59","guid":{"rendered":"http:\/\/gsia.eu\/?page_id=1169"},"modified":"2025-09-19T22:06:20","modified_gmt":"2025-09-19T22:06:20","slug":"praesident-prof-dr-jianwei-zhang","status":"publish","type":"page","link":"https:\/\/gsia.eu\/?page_id=1169&lang=de","title":{"rendered":"Pr\u00e4sident \u2013 Prof. Dr. Jianwei ZHANG"},"content":{"rendered":"<p>[et_pb_section fb_built=&#8220;1&#8243; next_background_color=&#8220;#ffffff&#8220; _builder_version=&#8220;4.16&#8243; background_color=&#8220;#0c71c3&#8243; use_background_color_gradient=&#8220;on&#8220; background_color_gradient_direction=&#8220;100deg&#8220; background_color_gradient_stops=&#8220;#0c71c3 70%|#ffffff 100%&#8220; background_color_gradient_overlays_image=&#8220;on&#8220; background_color_gradient_start=&#8220;#0c71c3&#8243; background_color_gradient_start_position=&#8220;70%&#8220; background_color_gradient_end=&#8220;#ffffff&#8220; background_enable_image=&#8220;off&#8220; custom_padding=&#8220;3px||18px|||&#8220; bottom_divider_style=&#8220;ramp2&#8243; bottom_divider_flip=&#8220;horizontal&#8220; global_colors_info=&#8220;{}&#8220;][et_pb_row _builder_version=&#8220;4.16&#8243; custom_margin=&#8220;-2px|auto|2px|auto||&#8220; custom_padding=&#8220;47px||13px|||&#8220; global_colors_info=&#8220;{}&#8220;][et_pb_column type=&#8220;4_4&#8243; _builder_version=&#8220;4.16&#8243; custom_padding=&#8220;|||&#8220; global_colors_info=&#8220;{}&#8220; custom_padding__hover=&#8220;|||&#8220;][et_pb_text _builder_version=&#8220;4.16&#8243; header_font=&#8220;Noto Sans||||||||&#8220; header_text_color=&#8220;#ffffff&#8220; header_font_size=&#8220;40px&#8220; width=&#8220;99.6%&#8220; min_height=&#8220;98px&#8220; custom_margin=&#8220;-47px||||false|false&#8220; custom_padding=&#8220;0px||0px||false|false&#8220; global_colors_info=&#8220;{}&#8220;]<\/p>\n<h6><\/h6>\n<h1><strong><\/strong><\/h1>\n<h1><strong><\/strong><\/h1>\n<h1><strong><\/strong><\/h1>\n<h1><strong><\/strong><\/h1>\n<h1><span style=\"font-size: x-large;\"><strong style=\"letter-spacing: initial;\">Prof. Dr. Jianwei ZHANG<\/strong><\/span><strong><\/strong><\/h1>\n<p>&nbsp;<\/p>\n<p>[\/et_pb_text][\/et_pb_column][\/et_pb_row][\/et_pb_section][et_pb_section fb_built=&#8220;1&#8243; _builder_version=&#8220;4.16&#8243; custom_margin=&#8220;||108px|||&#8220; custom_padding=&#8220;92px||0px|||&#8220; global_colors_info=&#8220;{}&#8220;][et_pb_row column_structure=&#8220;1_4,3_4&#8243; _builder_version=&#8220;4.16&#8243; custom_margin=&#8220;-20px|auto||auto||&#8220; global_colors_info=&#8220;{}&#8220;][et_pb_column type=&#8220;1_4&#8243; _builder_version=&#8220;4.16&#8243; custom_padding=&#8220;|||&#8220; global_colors_info=&#8220;{}&#8220; custom_padding__hover=&#8220;|||&#8220;][et_pb_image src=&#8220;http:\/\/gsia.eu\/wp-content\/uploads\/2020\/04\/Jianwei_Zhang-e1586275761486.png&#8220; align_tablet=&#8220;center&#8220; align_phone=&#8220;&#8220; align_last_edited=&#8220;on|desktop&#8220; _builder_version=&#8220;4.16&#8243; global_colors_info=&#8220;{}&#8220;][\/et_pb_image][\/et_pb_column][et_pb_column type=&#8220;3_4&#8243; _builder_version=&#8220;4.16&#8243; custom_padding=&#8220;|||&#8220; global_colors_info=&#8220;{}&#8220; custom_padding__hover=&#8220;|||&#8220;][et_pb_text _builder_version=&#8220;4.16&#8243; text_font=&#8220;||||||||&#8220; text_text_color=&#8220;#000000&#8243; text_font_size=&#8220;15px&#8220; custom_margin=&#8220;|-3px||||&#8220; custom_padding=&#8220;0px||0px|||&#8220; global_colors_info=&#8220;{}&#8220;]<\/p>\n<p data-start=\"37\" data-end=\"385\"><strong data-start=\"37\" data-end=\"54\">Jianwei Zhang<\/strong>, Ausl\u00e4ndisches Mitglied der Chinesischen Akademie der Ingenieurwissenschaften, Mitglied der Deutschen Akademie der Technikwissenschaften (acatech), Professor am Fachbereich Informatik der Universit\u00e4t Hamburg, Direktor des Instituts f\u00fcr Multimodale Technologien sowie Distinguished Visiting Professor an der Tsinghua-Universit\u00e4t.<\/p>\n<p data-start=\"387\" data-end=\"612\">Er promovierte 1994 am Institut f\u00fcr Informatik der Universit\u00e4t Karlsruhe (Schwerpunkt Robotik) und erhielt 1989 seinen Masterabschluss am Fachbereich Informatik der Tsinghua-Universit\u00e4t (Schwerpunkt K\u00fcnstliche Intelligenz).<\/p>\n<p data-start=\"614\" data-end=\"904\">Seit fast drei Jahrzehnten ist er in Deutschland in f\u00fchrender Position in den Bereichen Wahrnehmung, Lernen und Planung intelligenter Systeme, multisensorielle Informationsverarbeitung und -fusion, intelligente Robotik sowie Mensch-Maschine-Interaktion in Forschung und Entwicklung t\u00e4tig.<\/p>\n<p data-start=\"906\" data-end=\"1318\">Er ver\u00f6ffentlichte mehr als 300 wissenschaftliche Arbeiten und Monographien und erhielt mehrfach den Best Paper Award auf internationalen Konferenzen. Dar\u00fcber hinaus h\u00e4lt er \u00fcber 40 Patente. Unter seiner Betreuung haben mehr als 100 deutsche Master-Ingenieure, \u00fcber 40 deutsche Doktoranden sowie zahlreiche Humboldt-Stipendiaten und \u00fcber 20 chinesische Doktoranden in Kooperation ihre Ausbildung abgeschlossen.<\/p>\n<p data-start=\"1320\" data-end=\"1638\">Er leitete zahlreiche bedeutende Forschungsprojekte, darunter Schwerpunktprogramme der Deutschen Forschungsgemeinschaft (DFG), Kooperationsprojekte des Bundesministeriums f\u00fcr Bildung und Forschung (BMBF) mit der Industrie, EU-ICT-Projekte sowie interdisziplin\u00e4re Gro\u00dfforschungszentren zwischen China und Deutschland.<\/p>\n<p>[\/et_pb_text][\/et_pb_column][\/et_pb_row][\/et_pb_section]<\/p>\n","protected":false},"excerpt":{"rendered":"<p>Prof. Dr. Jianwei ZHANG &nbsp;Jianwei Zhang, Ausl\u00e4ndisches Mitglied der Chinesischen Akademie der Ingenieurwissenschaften, Mitglied der Deutschen Akademie der Technikwissenschaften (acatech), Professor am Fachbereich Informatik der Universit\u00e4t Hamburg, Direktor des Instituts f\u00fcr Multimodale Technologien sowie Distinguished Visiting Professor an der Tsinghua-Universit\u00e4t. Er promovierte 1994 am Institut f\u00fcr Informatik der Universit\u00e4t Karlsruhe (Schwerpunkt Robotik) und erhielt 1989 [&hellip;]<\/p>\n","protected":false},"author":1,"featured_media":0,"parent":0,"menu_order":0,"comment_status":"closed","ping_status":"closed","template":"","meta":{"_et_pb_use_builder":"on","_et_pb_old_content":"","_et_gb_content_width":"","footnotes":""},"class_list":["post-1169","page","type-page","status-publish","hentry"],"_links":{"self":[{"href":"https:\/\/gsia.eu\/index.php?rest_route=\/wp\/v2\/pages\/1169","targetHints":{"allow":["GET"]}}],"collection":[{"href":"https:\/\/gsia.eu\/index.php?rest_route=\/wp\/v2\/pages"}],"about":[{"href":"https:\/\/gsia.eu\/index.php?rest_route=\/wp\/v2\/types\/page"}],"author":[{"embeddable":true,"href":"https:\/\/gsia.eu\/index.php?rest_route=\/wp\/v2\/users\/1"}],"replies":[{"embeddable":true,"href":"https:\/\/gsia.eu\/index.php?rest_route=%2Fwp%2Fv2%2Fcomments&post=1169"}],"version-history":[{"count":9,"href":"https:\/\/gsia.eu\/index.php?rest_route=\/wp\/v2\/pages\/1169\/revisions"}],"predecessor-version":[{"id":1671,"href":"https:\/\/gsia.eu\/index.php?rest_route=\/wp\/v2\/pages\/1169\/revisions\/1671"}],"wp:attachment":[{"href":"https:\/\/gsia.eu\/index.php?rest_route=%2Fwp%2Fv2%2Fmedia&parent=1169"}],"curies":[{"name":"wp","href":"https:\/\/api.w.org\/{rel}","templated":true}]}}